{"id":26,"date":"2021-02-17T18:33:38","date_gmt":"2021-02-17T18:33:38","guid":{"rendered":"https:\/\/praetorius-projekt.de\/?page_id=26"},"modified":"2021-02-17T18:33:38","modified_gmt":"2021-02-17T18:33:38","slug":"impressum","status":"publish","type":"page","link":"https:\/\/praetorius-projekt.de\/index.php\/impressum\/","title":{"rendered":"Impressum"},"content":{"rendered":"<h2>Impressum<\/h2>\n<div class=\"csc-textpic-text\">\n<p><b>Angaben gem\u00e4\u00df \u00a7 5 TMG:<\/b><\/p>\n<p>Verantwortlich f\u00fcr den Inhalt:<\/p>\n<p>Stefan Heucke<br \/>\nOtterkuhle 38<br \/>\nD &#8211; 44795 Bochum<br \/>\nTel.:<a href=\"tel:+49234680420\" target=\"_blank\" rel=\"noopener\">+49 234 680420<\/a><br \/>\n<a>stefanheucke@me.com<\/a><\/p>\n<p><b>Haftungsausschluss:<\/b><\/p>\n<p>Mein Angebot enth\u00e4lt Verweise zu externen Webseiten Dritter, auf deren Inhalte ich keinen Einfluss habe. Deshalb kann ich f\u00fcr diese fremden Inhalte auch keine Gew\u00e4hr \u00fcbernehmen. F\u00fcr die Inhalte der verlinkten Seiten ist der jeweilige Anbieter oder Betreiber der Seiten verantwortlich. Die verlinkten Seiten wurden von mir zum Zeitpunkt der Verlinkung auf m\u00f6gliche Rechtsverst\u00f6\u00dfe \u00fcberpr\u00fcft. Rechtswidrige Inhalte waren zum Zeitpunkt der Verlinkung nicht erkennbar. Eine permanente inhaltliche Kontrolle der verlinkten Seiten ist jedoch ohne konkrete Anhaltspunkte einer Rechtsverletzung nicht zumutbar. Bei Bekanntwerden von Rechtsverletzungen werde ich derartige Links umgehend entfernen.<\/p>\n<\/div>\n","protected":false},"excerpt":{"rendered":"<p>Impressum Angaben gem\u00e4\u00df \u00a7 5 TMG: Verantwortlich f\u00fcr den Inhalt: Stefan Heucke Otterkuhle 38 D &#8211; 44795 Bochum Tel.:+49 234 680420 stefanheucke@me.com Haftungsausschluss: Mein Angebot enth\u00e4lt Verweise zu externen Webseiten Dritter, auf deren Inhalte ich keinen Einfluss habe. Deshalb kann ich f\u00fcr diese fremden Inhalte auch keine Gew\u00e4hr \u00fcbernehmen. F\u00fcr die Inhalte der verlinkten Seiten &hellip; <\/p>\n<p><a class=\"more-link btn\" href=\"https:\/\/praetorius-projekt.de\/index.php\/impressum\/\">Weiterlesen<\/a><\/p>\n","protected":false},"author":1,"featured_media":0,"parent":0,"menu_order":0,"comment_status":"closed","ping_status":"closed","template":"","meta":{"footnotes":""},"class_list":["post-26","page","type-page","status-publish","hentry","nodate","item-wrap"],"_links":{"self":[{"href":"https:\/\/praetorius-projekt.de\/index.php\/wp-json\/wp\/v2\/pages\/26","targetHints":{"allow":["GET"]}}],"collection":[{"href":"https:\/\/praetorius-projekt.de\/index.php\/wp-json\/wp\/v2\/pages"}],"about":[{"href":"https:\/\/praetorius-projekt.de\/index.php\/wp-json\/wp\/v2\/types\/page"}],"author":[{"embeddable":true,"href":"https:\/\/praetorius-projekt.de\/index.php\/wp-json\/wp\/v2\/users\/1"}],"replies":[{"embeddable":true,"href":"https:\/\/praetorius-projekt.de\/index.php\/wp-json\/wp\/v2\/comments?post=26"}],"version-history":[{"count":1,"href":"https:\/\/praetorius-projekt.de\/index.php\/wp-json\/wp\/v2\/pages\/26\/revisions"}],"predecessor-version":[{"id":27,"href":"https:\/\/praetorius-projekt.de\/index.php\/wp-json\/wp\/v2\/pages\/26\/revisions\/27"}],"wp:attachment":[{"href":"https:\/\/praetorius-projekt.de\/index.php\/wp-json\/wp\/v2\/media?parent=26"}],"curies":[{"name":"wp","href":"https:\/\/api.w.org\/{rel}","templated":true}]}}