{"id":57,"date":"2021-02-21T11:47:35","date_gmt":"2021-02-21T11:47:35","guid":{"rendered":"https:\/\/praetorius-projekt.de\/?page_id=57"},"modified":"2021-02-23T12:13:27","modified_gmt":"2021-02-23T12:13:27","slug":"konzerte","status":"publish","type":"page","link":"https:\/\/praetorius-projekt.de\/index.php\/konzerte\/","title":{"rendered":"Konzerte"},"content":{"rendered":"<p><strong>Die Urauff\u00fchrung:<\/strong><\/p>\n<p>Die Urauff\u00fchrung des gesamten Zyklus findet am 01. November 2021 um 18.00 Uhr in der <a href=\"https:\/\/kulturraum-melanchthonkirche.de\/\">Melanchthonkirche Bochum<\/a> statt. Adresse: K\u00f6nigsallee 48, 44789 Bochum, Deutschland<\/p>\n\n\n<figure class=\"wp-block-image size-large\"><img loading=\"lazy\" decoding=\"async\" width=\"768\" height=\"167\" src=\"https:\/\/praetorius-projekt.de\/wp-content\/uploads\/2021\/02\/logo_kulturraum-768x167-1.png\" alt=\"\" class=\"wp-image-64\" srcset=\"https:\/\/praetorius-projekt.de\/wp-content\/uploads\/2021\/02\/logo_kulturraum-768x167-1.png 768w, https:\/\/praetorius-projekt.de\/wp-content\/uploads\/2021\/02\/logo_kulturraum-768x167-1-300x65.png 300w\" sizes=\"auto, (max-width: 768px) 100vw, 768px\" \/><\/figure>\n\n\n\n<figure class=\"wp-block-image size-large\"><img loading=\"lazy\" decoding=\"async\" width=\"232\" height=\"126\" src=\"https:\/\/praetorius-projekt.de\/wp-content\/uploads\/2021\/02\/Bildschirmfoto-2021-02-23-um-13.10.18.png\" alt=\"\" class=\"wp-image-118\"\/><\/figure>\n\n\n\n<p><\/p>\n","protected":false},"excerpt":{"rendered":"<p>Die Urauff\u00fchrung: Die Urauff\u00fchrung des gesamten Zyklus findet am 01. November 2021 um 18.00 Uhr in der Melanchthonkirche Bochum statt. Adresse: K\u00f6nigsallee 48, 44789 Bochum, Deutschland<\/p>\n","protected":false},"author":2,"featured_media":0,"parent":0,"menu_order":0,"comment_status":"closed","ping_status":"closed","template":"","meta":{"footnotes":""},"class_list":["post-57","page","type-page","status-publish","hentry","nodate","item-wrap"],"_links":{"self":[{"href":"https:\/\/praetorius-projekt.de\/index.php\/wp-json\/wp\/v2\/pages\/57","targetHints":{"allow":["GET"]}}],"collection":[{"href":"https:\/\/praetorius-projekt.de\/index.php\/wp-json\/wp\/v2\/pages"}],"about":[{"href":"https:\/\/praetorius-projekt.de\/index.php\/wp-json\/wp\/v2\/types\/page"}],"author":[{"embeddable":true,"href":"https:\/\/praetorius-projekt.de\/index.php\/wp-json\/wp\/v2\/users\/2"}],"replies":[{"embeddable":true,"href":"https:\/\/praetorius-projekt.de\/index.php\/wp-json\/wp\/v2\/comments?post=57"}],"version-history":[{"count":6,"href":"https:\/\/praetorius-projekt.de\/index.php\/wp-json\/wp\/v2\/pages\/57\/revisions"}],"predecessor-version":[{"id":120,"href":"https:\/\/praetorius-projekt.de\/index.php\/wp-json\/wp\/v2\/pages\/57\/revisions\/120"}],"wp:attachment":[{"href":"https:\/\/praetorius-projekt.de\/index.php\/wp-json\/wp\/v2\/media?parent=57"}],"curies":[{"name":"wp","href":"https:\/\/api.w.org\/{rel}","templated":true}]}}