{"id":81,"date":"2021-02-22T17:15:31","date_gmt":"2021-02-22T17:15:31","guid":{"rendered":"https:\/\/praetorius-projekt.de\/?page_id=81"},"modified":"2021-03-13T14:41:05","modified_gmt":"2021-03-13T14:41:05","slug":"pavane","status":"publish","type":"page","link":"https:\/\/praetorius-projekt.de\/index.php\/pavane\/","title":{"rendered":"Pavane de Spaigne"},"content":{"rendered":"\r\n<p>Michael Praetorius&#8216; Sammlung &#8222;Terpsichore&#8220; wurde im Jahr 1612 ver\u00f6ffentlicht. Praetorius arbeitete in dieser Zeit als Kapellmeister des Herzogs von Braunschweig am Hof in Wolfenb\u00fcttel. Dorthin gelangte 1610  der franz\u00f6sischen Violinist Pierre-Francisque Caroubel, der mit Praetorius zusammen an der &#8222;Terpsichore&#8220; arbeitete und auch etliche eigene S\u00e4tze beisteuerte. Diese wurden von Praetorius zum Teil weiterverarbeitet und dabei auch mehr oder weniger tiefgreifend ver\u00e4ndert. Mit einem solchen Fall von Kollaboration haben wir es bei der &#8222;Pavane de Spaigne&#8220; zu tun. Sie steht als Nr. 29 in der Sammlung unter dem Titel XXIX. \u00e0 5,  versehen mit den Initialen F. C. f\u00fcr Francisque Caroubel. Danach steht als Nr. 30 Praetorius&#8216; Variante der Pavane als XXX. \u00e0 4 mit den Initialen M. P. C. f\u00fcr Michael Praetorius Capellmeister, oder wie das MGG (Musik in Geschichte und Gegenwart) meint, Michael Praetorius Creuzburgensis. Wir haben es also mit mit zwei sehr \u00e4nlichen St\u00fccken zu tun, die eine gemeinsame Grundlage haben. <\/p>\r\n\r\n\r\n\r\n<p>Weitere Informationen \u00fcber <a href=\"https:\/\/de.wikipedia.org\/wiki\/Michael_Praetorius\">Michael Praetorius<\/a> und <a href=\"https:\/\/de.wikipedia.org\/wiki\/Pierre-Francisque_Caroubel\">Pierre-Francisque Caroubel<\/a> finden Sie hier.<\/p>\r\n\r\n\r\n\r\n<p>Unten kann man beide &#8222;Pavane de Spaigne&#8220; lesen und miteinander vergleichen. Den Komponist*innen bleibt es \u00fcberlassen, selbst zu w\u00e4hlen, auf welche Version sie sich beziehen m\u00f6chte, wenn es denn f\u00fcr sie \u00fcberhaupt einen Unterschied bedeutet.<\/p>\r\n\r\n\r\n\r\n<p><\/p>\r\n\r\n\r\n\r\n<p>Pavane de Spaigne XXIX. \u00e0 5 von Caroubel<\/p>\r\n\r\n\r\n\r\n<audio class=\"wp-audio-shortcode\" id=\"audio-81-1\" preload=\"none\" style=\"width: 100%;\" controls=\"controls\"><source type=\"audio\/mpeg\" src=\"https:\/\/praetorius-projekt.de\/wp-content\/uploads\/2021\/03\/Caroubel_-Pavane_de_Spaigne.mp3?_=1\" \/><a href=\"https:\/\/praetorius-projekt.de\/wp-content\/uploads\/2021\/03\/Caroubel_-Pavane_de_Spaigne.mp3\">https:\/\/praetorius-projekt.de\/wp-content\/uploads\/2021\/03\/Caroubel_-Pavane_de_Spaigne.mp3<\/a><\/audio>\r\n\r\n\r\n\r\n<p><\/p>\r\n\r\n\r\n\r\n<p>Pavane de Spaigne XXX. \u00e0 4 von Praetorius<\/p>\r\n\r\n\r\n<audio class=\"wp-audio-shortcode\" id=\"audio-81-2\" preload=\"none\" style=\"width: 100%;\" controls=\"controls\"><source type=\"audio\/mpeg\" src=\"https:\/\/praetorius-projekt.de\/wp-content\/uploads\/2021\/02\/Praetorius_Pavane_de_Spaigne.mp3?_=2\" \/><a href=\"https:\/\/praetorius-projekt.de\/wp-content\/uploads\/2021\/02\/Praetorius_Pavane_de_Spaigne.mp3\">https:\/\/praetorius-projekt.de\/wp-content\/uploads\/2021\/02\/Praetorius_Pavane_de_Spaigne.mp3<\/a><\/audio>\r\n\r\n\r\n<p><\/p>\r\n\r\n\r\n\r\n<h4>Die Noten beider Pavanen im Vergleich<\/h4>\r\n\r\n\r\n\r\n<table>\r\n   <tr>\r\n      <td style=\"Width:50%\">Caroubel<\/td>\r\n      <td style=\"Width:50%\">Praetorius<\/td>\r\n<\/tr>\r\n<tr>\r\n   <td style=\"Width:50%\"><a href=\"https:\/\/praetorius-projekt.de\/wp-content\/uploads\/2021\/03\/Caroubel_Pavane.pdf\" rel=\"noopener\" target=\"_blank\"><img decoding=\"async\" src=\"https:\/\/praetorius-projekt.de\/wp-content\/uploads\/2021\/03\/Caroubel_Pavane-scaled.jpg\" alt=\"Caroubel\" \/><\/a><\/td>\r\n   <td style=\"Width:50%\"><a href=\"https:\/\/praetorius-projekt.de\/wp-content\/uploads\/2021\/03\/Praetorius_Pavane.pdf\" rel=\"noopener\" target=\"_blank\"><img decoding=\"async\" src=\"https:\/\/praetorius-projekt.de\/wp-content\/uploads\/2021\/03\/Praetorius_Pavane-scaled.jpg\" alt=\"Praetorius\" \/><\/a><\/td>\r\n<\/tr>\r\n<tr>\r\n   <td style=\"Width:50%\"><a href=\"https:\/\/praetorius-projekt.de\/wp-content\/uploads\/2021\/03\/Caroubel_Pavane.pdf\" rel=\"noopener\" target=\"_blank\">Caroubel_Pavane.pdf<\/a><\/td>\r\n   <td style=\"Width:50%\"><a href=\"https:\/\/praetorius-projekt.de\/wp-content\/uploads\/2021\/03\/Praetorius_Pavane.pdf\" rel=\"noopener\" target=\"_blank\">Praetorius_Pavane.pdf<\/a><\/td>\r\n<\/tr>\r\n<\/table>\r\n\r\n","protected":false},"excerpt":{"rendered":"<p>Michael Praetorius&#8216; Sammlung &#8222;Terpsichore&#8220; wurde im Jahr 1612 ver\u00f6ffentlicht. Praetorius arbeitete in dieser Zeit als Kapellmeister des Herzogs von Braunschweig am Hof in Wolfenb\u00fcttel. Dorthin gelangte 1610 der franz\u00f6sischen Violinist Pierre-Francisque Caroubel, der mit Praetorius zusammen an der &#8222;Terpsichore&#8220; arbeitete und auch etliche eigene S\u00e4tze beisteuerte. Diese wurden von Praetorius zum Teil weiterverarbeitet und dabei &hellip; <\/p>\n<p><a class=\"more-link btn\" href=\"https:\/\/praetorius-projekt.de\/index.php\/pavane\/\">Weiterlesen<\/a><\/p>\n","protected":false},"author":2,"featured_media":0,"parent":0,"menu_order":0,"comment_status":"closed","ping_status":"closed","template":"","meta":{"footnotes":""},"class_list":["post-81","page","type-page","status-publish","hentry","nodate","item-wrap"],"_links":{"self":[{"href":"https:\/\/praetorius-projekt.de\/index.php\/wp-json\/wp\/v2\/pages\/81","targetHints":{"allow":["GET"]}}],"collection":[{"href":"https:\/\/praetorius-projekt.de\/index.php\/wp-json\/wp\/v2\/pages"}],"about":[{"href":"https:\/\/praetorius-projekt.de\/index.php\/wp-json\/wp\/v2\/types\/page"}],"author":[{"embeddable":true,"href":"https:\/\/praetorius-projekt.de\/index.php\/wp-json\/wp\/v2\/users\/2"}],"replies":[{"embeddable":true,"href":"https:\/\/praetorius-projekt.de\/index.php\/wp-json\/wp\/v2\/comments?post=81"}],"version-history":[{"count":34,"href":"https:\/\/praetorius-projekt.de\/index.php\/wp-json\/wp\/v2\/pages\/81\/revisions"}],"predecessor-version":[{"id":174,"href":"https:\/\/praetorius-projekt.de\/index.php\/wp-json\/wp\/v2\/pages\/81\/revisions\/174"}],"wp:attachment":[{"href":"https:\/\/praetorius-projekt.de\/index.php\/wp-json\/wp\/v2\/media?parent=81"}],"curies":[{"name":"wp","href":"https:\/\/api.w.org\/{rel}","templated":true}]}}