{"id":9,"date":"2021-02-17T15:17:46","date_gmt":"2021-02-17T15:17:46","guid":{"rendered":"https:\/\/praetorius-projekt.de\/?page_id=9"},"modified":"2022-01-11T12:51:20","modified_gmt":"2022-01-11T12:51:20","slug":"startseite","status":"publish","type":"page","link":"https:\/\/praetorius-projekt.de\/","title":{"rendered":"Startseite"},"content":{"rendered":"\n<p>Im Jahr 2021 haben wir den 450. Geburtstag und den 400. Todestag von Michael Praetorius gegangen, ein wahrscheinlich weniger beachtetes Jubil\u00e4um, als es Praetorius geb\u00fchrt, ist er doch ein gro\u00dfer Vertreter seiner Epoche, sowohl als Komponist, wie auch als Musiktheoretiker. Jeder kennt ihn \u00fcbrigens, m\u00f6glicherweise ohne es zu wissen, denn von ihm stammt der ber\u00fchmte vierstimmige Satz zu dem Weihnachtslied \u201eEs ist ein Ros entsprungen\u201c.<\/p>\n\n\n\n<p>Das Praetorius-Projekt ist eine Folge von Klavierkompositionen,  die als Gemeinschaftswerk von 23 internationalen Komponisten entsteht. Der Komponist Stefan Heucke hatte seine Kolleg*innen dazu eingeladen, um ein Zeichen gegen die kulturelle Stille der pandemischen Zeit zu setzen. Als Vorlage diente eine \u201ePavane de Spaigne\u201c aus Praetorius\u2019 Sammlung \u201eTerpsichore\u201c, die in ihrer nachdenklichen W\u00fcrde geradezu dazu einl\u00e4dt, sie kompositorisch weiterzudenken.<\/p>\n\n\n\n<p>Die teilnehmenden Komponist*innen haben sich bereit erkl\u00e4rt, eine Variation, Ver\u00e4nderung, Fantasie oder sonstiges Klavierst\u00fcck von maximal 4-5 Minuten zu schreiben, das sich auf die Pavane bezieht. Der zur Praetorius-Epoche so g\u00e4nzlich unpassende moderne Konzertfl\u00fcgel kann den St\u00fccken die n\u00f6tige Distanz zur Reflexion verleihen. Die bis zum Sommer 2021 entstandenen Werke, wurden geordnet und in Gruppen von 4-5 St\u00fccken aufgeteilt, die dann von vier Komponisten und zwei dem Projekt verbundenen Pianistinnen am 1. November 2021 uraufgef\u00fchrt.<\/p>\n\n\n\n<p>Bei den au\u00dferordentlich unterschiedlichen Pers\u00f6nlichkeiten ist ein sehr spannendes Endergebnis einer solchen Gemeinschaftsarbeit entstanden und das Projekt war eine betr\u00e4chtliche Bereicherung des heimischen Kulturlebens durch die internationale Kollegenschaft. Der Urauff\u00fchrungsort im November letzten Jahres, die Melanchthonkirche in Bochum, ist ohnehin eine Heimat der Neuen Musik. <\/p>\n\n\n\n<p><\/p>\n\n\n\n<p style=\"font-size:28px\"><\/p>\n\n\n\n<p>Das Praetorius-Projekt wurde gef\u00f6rdert von<\/p>\n\n\n\n<figure class=\"wp-block-image size-large\"><img loading=\"lazy\" decoding=\"async\" width=\"1024\" height=\"185\" src=\"https:\/\/praetorius-projekt.de\/wp-content\/uploads\/2021\/07\/Logos2-1024x185.jpg\" alt=\"\" class=\"wp-image-212\" srcset=\"https:\/\/praetorius-projekt.de\/wp-content\/uploads\/2021\/07\/Logos2-1024x185.jpg 1024w, https:\/\/praetorius-projekt.de\/wp-content\/uploads\/2021\/07\/Logos2-300x54.jpg 300w, https:\/\/praetorius-projekt.de\/wp-content\/uploads\/2021\/07\/Logos2-768x139.jpg 768w, https:\/\/praetorius-projekt.de\/wp-content\/uploads\/2021\/07\/Logos2-1536x278.jpg 1536w, https:\/\/praetorius-projekt.de\/wp-content\/uploads\/2021\/07\/Logos2-1140x206.jpg 1140w, https:\/\/praetorius-projekt.de\/wp-content\/uploads\/2021\/07\/Logos2.jpg 1652w\" sizes=\"auto, (max-width: 1024px) 100vw, 1024px\" \/><\/figure>\n","protected":false},"excerpt":{"rendered":"<p>Im Jahr 2021 haben wir den 450. Geburtstag und den 400. Todestag von Michael Praetorius gegangen, ein wahrscheinlich weniger beachtetes Jubil\u00e4um, als es Praetorius geb\u00fchrt, ist er doch ein gro\u00dfer Vertreter seiner Epoche, sowohl als Komponist, wie auch als Musiktheoretiker. Jeder kennt ihn \u00fcbrigens, m\u00f6glicherweise ohne es zu wissen, denn von ihm stammt der ber\u00fchmte &hellip; <\/p>\n<p><a class=\"more-link btn\" href=\"https:\/\/praetorius-projekt.de\/\">Weiterlesen<\/a><\/p>\n","protected":false},"author":1,"featured_media":0,"parent":0,"menu_order":0,"comment_status":"closed","ping_status":"closed","template":"","meta":{"footnotes":""},"class_list":["post-9","page","type-page","status-publish","hentry","nodate","item-wrap"],"_links":{"self":[{"href":"https:\/\/praetorius-projekt.de\/index.php\/wp-json\/wp\/v2\/pages\/9","targetHints":{"allow":["GET"]}}],"collection":[{"href":"https:\/\/praetorius-projekt.de\/index.php\/wp-json\/wp\/v2\/pages"}],"about":[{"href":"https:\/\/praetorius-projekt.de\/index.php\/wp-json\/wp\/v2\/types\/page"}],"author":[{"embeddable":true,"href":"https:\/\/praetorius-projekt.de\/index.php\/wp-json\/wp\/v2\/users\/1"}],"replies":[{"embeddable":true,"href":"https:\/\/praetorius-projekt.de\/index.php\/wp-json\/wp\/v2\/comments?post=9"}],"version-history":[{"count":20,"href":"https:\/\/praetorius-projekt.de\/index.php\/wp-json\/wp\/v2\/pages\/9\/revisions"}],"predecessor-version":[{"id":241,"href":"https:\/\/praetorius-projekt.de\/index.php\/wp-json\/wp\/v2\/pages\/9\/revisions\/241"}],"wp:attachment":[{"href":"https:\/\/praetorius-projekt.de\/index.php\/wp-json\/wp\/v2\/media?parent=9"}],"curies":[{"name":"wp","href":"https:\/\/api.w.org\/{rel}","templated":true}]}}